{"id":36,"date":"2018-01-19T15:18:26","date_gmt":"2018-01-19T14:18:26","guid":{"rendered":"http:\/\/alineputot-toupry.com\/?page_id=36"},"modified":"2022-08-10T12:30:11","modified_gmt":"2022-08-10T10:30:11","slug":"oeuvres-2","status":"publish","type":"page","link":"https:\/\/alineputot-toupry.com\/en\/oeuvres-2\/","title":{"rendered":"BIO"},"content":{"rendered":"\t\t<div data-elementor-type=\"wp-page\" data-elementor-id=\"36\" class=\"elementor elementor-36\">\n\t\t\t\t\t\t<div class=\"elementor-inner\">\n\t\t\t\t<div class=\"elementor-section-wrap\">\n\t\t\t\t\t\t\t\t\t<section class=\"elementor-section elementor-top-section elementor-element elementor-element-3c812c60 elementor-section-boxed elementor-section-height-default elementor-section-height-default\" data-id=\"3c812c60\" data-element_type=\"section\">\n\t\t\t\t\t\t<div class=\"elementor-container elementor-column-gap-default\">\n\t\t\t\t\t\t\t<div class=\"elementor-row\">\n\t\t\t\t\t<div class=\"elementor-column elementor-col-100 elementor-top-column elementor-element elementor-element-32afd6e\" data-id=\"32afd6e\" data-element_type=\"column\">\n\t\t\t<div class=\"elementor-column-wrap elementor-element-populated\">\n\t\t\t\t\t\t\t<div class=\"elementor-widget-wrap\">\n\t\t\t\t\t\t<div class=\"elementor-element elementor-element-7e1ca284 elementor-widget elementor-widget-text-editor\" data-id=\"7e1ca284\" data-element_type=\"widget\" data-widget_type=\"text-editor.default\">\n\t\t\t\t<div class=\"elementor-widget-container\">\n\t\t\t\t\t\t\t\t<div class=\"elementor-text-editor elementor-clearfix\">\n\t\t\t\t<p><span style=\"vertical-align: inherit;\"><span style=\"vertical-align: inherit;\">[vc_row][vc_column][vc_column_text]Aline Putot-Toupry vit et travaille \u00e0 Paris<\/p><p>Sculpteur plasticien, graveur, l\u2019univers de cette artiste se conjugue au pluriel. Elle n\u2019en ait pas moins sp\u00e9cialiste dans tous ces domaines qui lui permettent de pousser sa cr\u00e9ation pour chacune d\u2019elle, par les diff\u00e9rentes approches que le mat\u00e9riau n\u00e9cessite.<br \/>Artiste \u00e9clectique, les \u0153uvres pr\u00e9sent\u00e9es ici ne sont qu\u2019une parcelle de son travail. La terre, en modelage et en pigments, le bronze, l&#8217;urushi\u00a0 et le bois sont les mati\u00e8res qu\u2019elle travaille .<br \/>15 ann\u00e9es \u00e0 \u00e9tudier les secrets des sculpteurs du 17 -\u00e8me et 18 \u00e8me, l\u2019utilisation du nombre d\u2019or dans l\u2019ornement fran\u00e7ais et les harmonies des pleins et des vides. Elle a travaill\u00e9 dans les plus grands ateliers parisiens de sculptures ornementales dont les ateliers Fancelli et participer \u00e0 la restauration des sculptures de l\u2019assembl\u00e9 nationale(h\u00f4tel de Lassay).<br \/>Forte de cette exp\u00e9rience de rigueur de l\u2019artisanat d\u2019art, elle s\u2019est tourn\u00e9e vers la cr\u00e9ation qui est le fruit de la somme de connaissances acquises.<br \/>Ses cr\u00e9ations forment un ensemble coh\u00e9rent sur la fragilit\u00e9 de la vie et sa force.<br \/>Sculptures et compositions plastiques semblent en position de rupture mais pour mieux marquer leur r\u00e9sistance.<br \/>Les cr\u00e9ations sont inspir\u00e9es par la nature, son harmonie ainsi que la transformation de la mati\u00e8re et de nous m\u00eame. La fragilit\u00e9 de l\u2019homme et sa force.<\/p><p>\u00a0<\/p><p>EXPOSITIONS PERSONNELLES :<\/p><p><span style=\"vertical-align: inherit;\"><span style=\"vertical-align: inherit;\">\u2022 du 22 Octobre au 22 novembre 2015. CARAT DENTZU Courbevoie &#8211; &#8220;philocalie&#8221;(laques et gravures) <\/span><\/span><br \/><span style=\"vertical-align: inherit;\"><span style=\"vertical-align: inherit;\">\u2022 F\u00e9vrier 2014 \u00e0 d\u00e9cembre 2014.Galerie Dauvet 27 rue Vanneau 75007 Paris (laques) <\/span><\/span><br \/><span style=\"vertical-align: inherit;\"><span style=\"vertical-align: inherit;\">\u2022 F\u00e9vrier \u00e0 Avril 2014 Galerie Aisth\u00e9sis boulevard Daumesnil 75012 Paris ( gravure ) <\/span><\/span><br \/><span style=\"vertical-align: inherit;\"><span style=\"vertical-align: inherit;\">\u2022 4 janvier au 30 janvier 2014 Exposition personnelle \u00ab DOWNTOWN, un arbre dans la ville \u00bb gravures et \u0153uvres picturales du chez Eciffice, 66 avenue des Champs Elys\u00e9es 75008 Paris. <\/span><\/span><br \/><span style=\"vertical-align: inherit;\"><span style=\"vertical-align: inherit;\">\u2022 F\u00e9vrier \u00e0 Avril 2013 Exposition personnelle \u00ab R&#8217;EVEIL \u00bbau si\u00e8ge de KPMG 30-40 cours de Valmy Paris- la D\u00e9fense <\/span><\/span><br \/><span style=\"vertical-align: inherit;\"><span style=\"vertical-align: inherit;\">\u2022 Galerie Nicolet 24 Rue de Bourgogne Paris 75017<\/span><\/span><\/p><p><span style=\"vertical-align: inherit;\"><span style=\"vertical-align: inherit;\">EXPOSITIONS COLLECTIVES : <\/span><\/span><br \/><span style=\"vertical-align: inherit;\"><span style=\"vertical-align: inherit;\">\u2022 3 au 5 novembre 2017 : Salon international des m\u00e9tiers d&#8217;Art de Lens <\/span><\/span><br \/><span style=\"vertical-align: inherit;\"><span style=\"vertical-align: inherit;\">\u2022 13 Juin 2016 : Journ\u00e9e de l&#8217;estampe contemporaine place st Sulpice Paris 75006 <\/span><\/span><br \/><span style=\"vertical-align: inherit;\"><span style=\"vertical-align: inherit;\">\u2022 Mai 2016 : Mairie de Pantin .Exposition de gravures et participation \u00e0 la f\u00eate de l&#8217;estampe <\/span><\/span><br \/><span style=\"vertical-align: inherit;\"><span style=\"vertical-align: inherit;\">\u2022 Samedi 19 mars 2016 : Vente aux ench\u00e8res caritative au profit de l&#8217;association \u00ab A petits pas pour Lina \u00bb. Pr\u00e9c\u00e9d\u00e9e d&#8217;une exposition au Palais des congr\u00e8s Paris Est Montreuil. <\/span><\/span><br \/><span style=\"vertical-align: inherit;\"><span style=\"vertical-align: inherit;\">\u2022 20 f\u00e9vrier 2016 : #jesuisparisauction Vente aux ench\u00e8res caritatives au profit des bless\u00e9s des Attentats. <\/span><span style=\"vertical-align: inherit;\">Pr\u00e9c\u00e9d\u00e9e d&#8217;une exposition \u00e0 la mairie du 11 \u00e8me \u00e0 Paris. <\/span><span style=\"vertical-align: inherit;\">\u2022 Du 22 au 27 mai 2015. Maison Revel de Pantin<\/span><\/span><br \/><span style=\"vertical-align: inherit;\"><span style=\"vertical-align: inherit;\">\u2022 D\u00e9cembre 2014 \u00e0 F\u00e9vrier 2015. Galerie Atelier d&#8217;Art de France, 26 av Niel 75017 Paris. <\/span><\/span><br \/><span style=\"vertical-align: inherit;\"><span style=\"vertical-align: inherit;\">\u2022 Octobre 2014. Exposition au 123 avenue Daumesnil 75012 Paris &#8220;Olaf Idalie pr\u00e9sente une s\u00e9lection de graveurs&#8221;. <\/span><\/span><br \/><span style=\"vertical-align: inherit;\"><span style=\"vertical-align: inherit;\">\u2022 le 16 juin 2014. Journ\u00e9e de l&#8217;estampe St Sulpice <\/span><\/span><br \/><span style=\"vertical-align: inherit;\"><span style=\"vertical-align: inherit;\">\u2022 16 janvier au 15 f\u00e9vrier 2014. 61\u00e9me salon de Charenton <\/span><\/span><br \/><span style=\"vertical-align: inherit;\"><span style=\"vertical-align: inherit;\">\u2022 Septembre 2010-2011- 2013, Salon de la sculpture et peinture contemporaine. <\/span><span style=\"vertical-align: inherit;\">Salle Olympe de Gouges 75011 Paris <\/span><\/span><br \/><span style=\"vertical-align: inherit;\"><span style=\"vertical-align: inherit;\">\u2022 Participation \u00e0 la vente aux ench\u00e8res au profit des artistes Ha\u00eftiens, pr\u00e9pos\u00e9e \u00e0 une exposition au minist\u00e8re de la culture du 1er au 23 septembre 2010 <\/span><\/span><br \/><span style=\"vertical-align: inherit;\"><span style=\"vertical-align: inherit;\">\u2022 1 au 5 d\u00e9cembre 2010- exposition au Carrousel du Louvre. <\/span><span style=\"vertical-align: inherit;\">Le Carrousel des m\u00e9tiers d&#8217;art et de la cr\u00e9ation.<\/span><\/span><br \/><span style=\"vertical-align: inherit;\"><span style=\"vertical-align: inherit;\">\u2022 Du 7 au 11 octobre 2009.Exposition d&#8217;\u0153uvres \u00ab De Paris \u00e0 Kaliningrad \u00bb au mus\u00e9e de l&#8217;ambre. <\/span><span style=\"vertical-align: inherit;\">Sous le haut patronage de monsieur Herv\u00e9 Novelli secr\u00e9taire d&#8217;\u00e9tat aupr\u00e8s du ministre de l&#8217;\u00e9conomie et de son excellence jean de Gliniasty, ambassadeur de France en Russie.<\/span><\/span><\/p><p>\u00a0<\/p><p>\u00a0<\/p>\t\t\t\t\t<\/div>\n\t\t\t\t\t\t<\/div>\n\t\t\t\t<\/div>\n\t\t\t\t\t\t<\/div>\n\t\t\t\t\t<\/div>\n\t\t<\/div>\n\t\t\t\t\t\t\t\t<\/div>\n\t\t\t\t\t<\/div>\n\t\t<\/section>\n\t\t\t\t\t\t\t\t\t<\/div>\n\t\t\t<\/div>\n\t\t\t\t\t<\/div>\n\t\t","protected":false},"excerpt":{"rendered":"<p>[vc_row][vc_column width=&#8221;2\/3&#8243;][vc_column_text] Aline Putot-Toupry lives and works in Paris Visual sculptor, engraver, the universe of this artist is conjugated in the plural. Nevertheless, she is specialized in all these fields<\/p>\n<p class=\"more-link\"><a href=\"https:\/\/alineputot-toupry.com\/en\/oeuvres-2\/\" class=\"readmore\">Continue reading<svg class=\"icon icon-arrow-right\" aria-hidden=\"true\" role=\"img\"> <use href=\"#icon-arrow-right\" xlink:href=\"#icon-arrow-right\"><\/use> <\/svg><span class=\"screen-reader-text\">BIO<\/span><\/a><\/p>\n","protected":false},"author":1,"featured_media":0,"parent":0,"menu_order":0,"comment_status":"closed","ping_status":"closed","template":"","meta":{"spay_email":""},"yoast_head":"<!-- This site is optimized with the Yoast SEO plugin v19.3 - https:\/\/yoast.com\/wordpress\/plugins\/seo\/ -->\n<title>BIO - Aline Putot-Toupry<\/title>\n<meta name=\"robots\" content=\"index, follow, max-snippet:-1, max-image-preview:large, max-video-preview:-1\" \/>\n<link rel=\"canonical\" href=\"http:\/\/alineputot-toupry.com\/oeuvres-2\/\" \/>\n<meta property=\"og:locale\" content=\"en_US\" \/>\n<meta property=\"og:type\" content=\"article\" \/>\n<meta property=\"og:title\" content=\"BIO - Aline Putot-Toupry\" \/>\n<meta property=\"og:description\" content=\"[vc_row][vc_column width=&#8221;2\/3&#8243;][vc_column_text] Aline Putot-Toupry lives and works in Paris Visual sculptor, engraver, the universe of this artist is conjugated in the plural. Nevertheless, she is specialized in all these fieldsContinue reading BIO\" \/>\n<meta property=\"og:url\" content=\"http:\/\/alineputot-toupry.com\/oeuvres-2\/\" \/>\n<meta property=\"og:site_name\" content=\"Aline Putot-Toupry\" \/>\n<meta property=\"article:modified_time\" content=\"2022-08-10T10:30:11+00:00\" \/>\n<meta name=\"twitter:card\" content=\"summary_large_image\" \/>\n<meta name=\"twitter:label1\" content=\"Est. reading time\" \/>\n\t<meta name=\"twitter:data1\" content=\"4 minutes\" \/>\n<script type=\"application\/ld+json\" class=\"yoast-schema-graph\">{\"@context\":\"https:\/\/schema.org\",\"@graph\":[{\"@type\":\"WebSite\",\"@id\":\"http:\/\/alineputot-toupry.com\/#website\",\"url\":\"http:\/\/alineputot-toupry.com\/\",\"name\":\"Aline Putot-Toupry\",\"description\":\"\",\"potentialAction\":[{\"@type\":\"SearchAction\",\"target\":{\"@type\":\"EntryPoint\",\"urlTemplate\":\"http:\/\/alineputot-toupry.com\/?s={search_term_string}\"},\"query-input\":\"required name=search_term_string\"}],\"inLanguage\":\"en-US\"},{\"@type\":\"WebPage\",\"@id\":\"http:\/\/alineputot-toupry.com\/oeuvres-2\/\",\"url\":\"http:\/\/alineputot-toupry.com\/oeuvres-2\/\",\"name\":\"BIO - Aline Putot-Toupry\",\"isPartOf\":{\"@id\":\"http:\/\/alineputot-toupry.com\/#website\"},\"datePublished\":\"2018-01-19T14:18:26+00:00\",\"dateModified\":\"2022-08-10T10:30:11+00:00\",\"breadcrumb\":{\"@id\":\"http:\/\/alineputot-toupry.com\/oeuvres-2\/#breadcrumb\"},\"inLanguage\":\"en-US\",\"potentialAction\":[{\"@type\":\"ReadAction\",\"target\":[\"http:\/\/alineputot-toupry.com\/oeuvres-2\/\"]}]},{\"@type\":\"BreadcrumbList\",\"@id\":\"http:\/\/alineputot-toupry.com\/oeuvres-2\/#breadcrumb\",\"itemListElement\":[{\"@type\":\"ListItem\",\"position\":1,\"name\":\"Accueil\",\"item\":\"http:\/\/alineputot-toupry.com\/\"},{\"@type\":\"ListItem\",\"position\":2,\"name\":\"BIO\"}]}]}<\/script>\n<!-- \/ Yoast SEO plugin. -->","yoast_head_json":{"title":"BIO - Aline Putot-Toupry","robots":{"index":"index","follow":"follow","max-snippet":"max-snippet:-1","max-image-preview":"max-image-preview:large","max-video-preview":"max-video-preview:-1"},"canonical":"http:\/\/alineputot-toupry.com\/oeuvres-2\/","og_locale":"en_US","og_type":"article","og_title":"BIO - Aline Putot-Toupry","og_description":"[vc_row][vc_column width=&#8221;2\/3&#8243;][vc_column_text] Aline Putot-Toupry lives and works in Paris Visual sculptor, engraver, the universe of this artist is conjugated in the plural. Nevertheless, she is specialized in all these fieldsContinue reading BIO","og_url":"http:\/\/alineputot-toupry.com\/oeuvres-2\/","og_site_name":"Aline Putot-Toupry","article_modified_time":"2022-08-10T10:30:11+00:00","twitter_card":"summary_large_image","twitter_misc":{"Est. reading time":"4 minutes"},"schema":{"@context":"https:\/\/schema.org","@graph":[{"@type":"WebSite","@id":"http:\/\/alineputot-toupry.com\/#website","url":"http:\/\/alineputot-toupry.com\/","name":"Aline Putot-Toupry","description":"","potentialAction":[{"@type":"SearchAction","target":{"@type":"EntryPoint","urlTemplate":"http:\/\/alineputot-toupry.com\/?s={search_term_string}"},"query-input":"required name=search_term_string"}],"inLanguage":"en-US"},{"@type":"WebPage","@id":"http:\/\/alineputot-toupry.com\/oeuvres-2\/","url":"http:\/\/alineputot-toupry.com\/oeuvres-2\/","name":"BIO - Aline Putot-Toupry","isPartOf":{"@id":"http:\/\/alineputot-toupry.com\/#website"},"datePublished":"2018-01-19T14:18:26+00:00","dateModified":"2022-08-10T10:30:11+00:00","breadcrumb":{"@id":"http:\/\/alineputot-toupry.com\/oeuvres-2\/#breadcrumb"},"inLanguage":"en-US","potentialAction":[{"@type":"ReadAction","target":["http:\/\/alineputot-toupry.com\/oeuvres-2\/"]}]},{"@type":"BreadcrumbList","@id":"http:\/\/alineputot-toupry.com\/oeuvres-2\/#breadcrumb","itemListElement":[{"@type":"ListItem","position":1,"name":"Accueil","item":"http:\/\/alineputot-toupry.com\/"},{"@type":"ListItem","position":2,"name":"BIO"}]}]}},"jetpack_sharing_enabled":true,"jetpack_shortlink":"https:\/\/wp.me\/P9ygzD-A","_links":{"self":[{"href":"https:\/\/alineputot-toupry.com\/en\/wp-json\/wp\/v2\/pages\/36"}],"collection":[{"href":"https:\/\/alineputot-toupry.com\/en\/wp-json\/wp\/v2\/pages"}],"about":[{"href":"https:\/\/alineputot-toupry.com\/en\/wp-json\/wp\/v2\/types\/page"}],"author":[{"embeddable":true,"href":"https:\/\/alineputot-toupry.com\/en\/wp-json\/wp\/v2\/users\/1"}],"replies":[{"embeddable":true,"href":"https:\/\/alineputot-toupry.com\/en\/wp-json\/wp\/v2\/comments?post=36"}],"version-history":[{"count":93,"href":"https:\/\/alineputot-toupry.com\/en\/wp-json\/wp\/v2\/pages\/36\/revisions"}],"predecessor-version":[{"id":943,"href":"https:\/\/alineputot-toupry.com\/en\/wp-json\/wp\/v2\/pages\/36\/revisions\/943"}],"wp:attachment":[{"href":"https:\/\/alineputot-toupry.com\/en\/wp-json\/wp\/v2\/media?parent=36"}],"curies":[{"name":"wp","href":"https:\/\/api.w.org\/{rel}","templated":true}]}}