{"id":284,"date":"2018-06-27T00:20:04","date_gmt":"2018-06-26T22:20:04","guid":{"rendered":"http:\/\/alineputot-toupry.com\/?page_id=284"},"modified":"2022-05-22T00:08:16","modified_gmt":"2022-05-21T22:08:16","slug":"pictural","status":"publish","type":"page","link":"https:\/\/alineputot-toupry.com\/en\/pictural\/","title":{"rendered":"Art Graphique"},"content":{"rendered":"\n<h2>DOWNTOWN<\/h2>\n\n\n\n<figure class=\"wp-block-gallery columns-3 is-cropped\"><ul class=\"blocks-gallery-grid\"><li class=\"blocks-gallery-item\"><figure><img loading=\"lazy\" width=\"1024\" height=\"802\" src=\"http:\/\/alineputot-toupry.com\/wp-content\/uploads\/2018\/06\/Downtown-gravure-1024x802.jpg\" alt=\"\" data-id=\"253\" data-full-url=\"http:\/\/alineputot-toupry.com\/wp-content\/uploads\/2018\/06\/Downtown-gravure-e1530997361885.jpg\" data-link=\"http:\/\/alineputot-toupry.com\/?attachment_id=253\" class=\"wp-image-253\"\/><\/figure><\/li><li class=\"blocks-gallery-item\"><figure><img loading=\"lazy\" width=\"1024\" height=\"808\" src=\"http:\/\/alineputot-toupry.com\/wp-content\/uploads\/2018\/06\/Downtown-Aline-Putot-Toupry-xylogravure-1024x808.jpg\" alt=\"\" data-id=\"252\" data-full-url=\"http:\/\/alineputot-toupry.com\/wp-content\/uploads\/2018\/06\/Downtown-Aline-Putot-Toupry-xylogravure.jpg\" data-link=\"http:\/\/alineputot-toupry.com\/?attachment_id=252\" class=\"wp-image-252\" srcset=\"https:\/\/alineputot-toupry.com\/wp-content\/uploads\/2018\/06\/Downtown-Aline-Putot-Toupry-xylogravure-1024x808.jpg 1024w, https:\/\/alineputot-toupry.com\/wp-content\/uploads\/2018\/06\/Downtown-Aline-Putot-Toupry-xylogravure-300x237.jpg 300w, https:\/\/alineputot-toupry.com\/wp-content\/uploads\/2018\/06\/Downtown-Aline-Putot-Toupry-xylogravure-768x606.jpg 768w, https:\/\/alineputot-toupry.com\/wp-content\/uploads\/2018\/06\/Downtown-Aline-Putot-Toupry-xylogravure-640x505.jpg 640w, https:\/\/alineputot-toupry.com\/wp-content\/uploads\/2018\/06\/Downtown-Aline-Putot-Toupry-xylogravure.jpg 1521w\" sizes=\"(max-width: 1024px) 100vw, 1024px\" \/><\/figure><\/li><li class=\"blocks-gallery-item\"><figure><img loading=\"lazy\" width=\"520\" height=\"665\" src=\"http:\/\/alineputot-toupry.com\/wp-content\/uploads\/2018\/02\/downtown-4-aline-Putot-Toupry-artiste-graveur-sculpteur-1.jpg\" alt=\"\" data-id=\"124\" data-full-url=\"http:\/\/alineputot-toupry.com\/wp-content\/uploads\/2018\/02\/downtown-4-aline-Putot-Toupry-artiste-graveur-sculpteur-1.jpg\" data-link=\"http:\/\/alineputot-toupry.com\/?attachment_id=124\" class=\"wp-image-124\" srcset=\"https:\/\/alineputot-toupry.com\/wp-content\/uploads\/2018\/02\/downtown-4-aline-Putot-Toupry-artiste-graveur-sculpteur-1.jpg 520w, https:\/\/alineputot-toupry.com\/wp-content\/uploads\/2018\/02\/downtown-4-aline-Putot-Toupry-artiste-graveur-sculpteur-1-235x300.jpg 235w\" sizes=\"(max-width: 520px) 100vw, 520px\" \/><\/figure><\/li><li class=\"blocks-gallery-item\"><figure><img loading=\"lazy\" width=\"1024\" height=\"807\" src=\"http:\/\/alineputot-toupry.com\/wp-content\/uploads\/2018\/02\/DOWNTOWN-Gravure-xylogravure-aline-Putot-Toupry-artiste-graveur-sculpteur-1024x807.jpg\" alt=\"\" data-id=\"123\" data-full-url=\"http:\/\/alineputot-toupry.com\/wp-content\/uploads\/2018\/02\/DOWNTOWN-Gravure-xylogravure-aline-Putot-Toupry-artiste-graveur-sculpteur-e1530997387984.jpg\" data-link=\"http:\/\/alineputot-toupry.com\/?attachment_id=123\" class=\"wp-image-123\"\/><\/figure><\/li><li class=\"blocks-gallery-item\"><figure><img loading=\"lazy\" width=\"1024\" height=\"702\" src=\"http:\/\/alineputot-toupry.com\/wp-content\/uploads\/2022\/05\/DOWNTOWN-2-1024x702.jpg\" alt=\"\" data-id=\"575\" data-full-url=\"http:\/\/alineputot-toupry.com\/wp-content\/uploads\/2022\/05\/DOWNTOWN-2.jpg\" data-link=\"http:\/\/alineputot-toupry.com\/?attachment_id=575\" class=\"wp-image-575\" srcset=\"https:\/\/alineputot-toupry.com\/wp-content\/uploads\/2022\/05\/DOWNTOWN-2-1024x702.jpg 1024w, https:\/\/alineputot-toupry.com\/wp-content\/uploads\/2022\/05\/DOWNTOWN-2-300x206.jpg 300w, https:\/\/alineputot-toupry.com\/wp-content\/uploads\/2022\/05\/DOWNTOWN-2-768x527.jpg 768w, https:\/\/alineputot-toupry.com\/wp-content\/uploads\/2022\/05\/DOWNTOWN-2-1536x1053.jpg 1536w, https:\/\/alineputot-toupry.com\/wp-content\/uploads\/2022\/05\/DOWNTOWN-2.jpg 1750w\" sizes=\"(max-width: 1024px) 100vw, 1024px\" \/><\/figure><\/li><li class=\"blocks-gallery-item\"><figure><img loading=\"lazy\" width=\"785\" height=\"1024\" src=\"http:\/\/alineputot-toupry.com\/wp-content\/uploads\/2022\/05\/DOWNTOWN-n\u00b07-7-785x1024.jpg\" alt=\"\" data-id=\"578\" data-full-url=\"http:\/\/alineputot-toupry.com\/wp-content\/uploads\/2022\/05\/DOWNTOWN-n\u00b07-7.jpg\" data-link=\"http:\/\/alineputot-toupry.com\/?attachment_id=578\" class=\"wp-image-578\" srcset=\"https:\/\/alineputot-toupry.com\/wp-content\/uploads\/2022\/05\/DOWNTOWN-n\u00b07-7-785x1024.jpg 785w, https:\/\/alineputot-toupry.com\/wp-content\/uploads\/2022\/05\/DOWNTOWN-n\u00b07-7-230x300.jpg 230w, https:\/\/alineputot-toupry.com\/wp-content\/uploads\/2022\/05\/DOWNTOWN-n\u00b07-7-768x1002.jpg 768w, https:\/\/alineputot-toupry.com\/wp-content\/uploads\/2022\/05\/DOWNTOWN-n\u00b07-7-1177x1536.jpg 1177w, https:\/\/alineputot-toupry.com\/wp-content\/uploads\/2022\/05\/DOWNTOWN-n\u00b07-7.jpg 1200w\" sizes=\"(max-width: 785px) 100vw, 785px\" \/><\/figure><\/li><\/ul><\/figure>\n\n\n\n<p>&nbsp;\u00ab Quotidien \u00bb<\/p>\n\n\n\n<figure class=\"wp-block-image size-full\"><img loading=\"lazy\" width=\"500\" height=\"371\" src=\"http:\/\/alineputot-toupry.com\/wp-content\/uploads\/2022\/05\/Quotidien.jpg\" alt=\"\" class=\"wp-image-580\" srcset=\"https:\/\/alineputot-toupry.com\/wp-content\/uploads\/2022\/05\/Quotidien.jpg 500w, https:\/\/alineputot-toupry.com\/wp-content\/uploads\/2022\/05\/Quotidien-300x223.jpg 300w\" sizes=\"(max-width: 500px) 100vw, 500px\" \/><\/figure>\n\n\n\n<p>Dans cette \u0153uvre&nbsp;: Hier, Aujourd\u2019hui, Demain&#8230; c\u2019est la lune qui prend la premiere place.<\/p>\n\n\n\n<p>Lune que nous contemplons au quotidien que l\u2019on cherche quand elle est invisible. Le paradoxe \u00e9tant que chacun se l\u2019approprie y mettant ses v\u0153ux et ses espoirs alors qu\u2019elle est universelle .Elle nous ram\u00e8ne \u00e0 notre condition d\u2019\u00eatre infiniment petit et nous ouvre les portes du champs des possibles.<\/p>\n\n\n\n<p>permettant l\u2019infini des possibilit\u00e9s. L\u2019Homme est face \u00e0 son destin.<\/p>\n\n\n\n<p>Cette lune qui nous guide vers notre avenir et \u00e9gr\u00e8ne par ses phases le temps qui passe. C\u2019est cette communion humaine qui nous relie tous au quotidien que je souhaite mettre en exergue dans cette repr\u00e9sentation.<\/p>\n\n\n\n<p>L\u2019effet miroir modifi\u00e9 symbolise la vision diff\u00e9rente que chaque spectateur\u00a0 transpose de cette r\u00e9alit\u00e9. Le rendu permet \u00e0 chaque spectateur d\u2019y transposer sa r\u00e9alit\u00e9. <\/p>\n\n\n\n<p><\/p>\n","protected":false},"excerpt":{"rendered":"<p>DOWNTOWN &nbsp;\u00ab Quotidien \u00bb Dans cette \u0153uvre&nbsp;: Hier, Aujourd\u2019hui, Demain&#8230; c\u2019est la lune qui prend la premiere place. Lune que nous contemplons au quotidien que l\u2019on cherche quand elle est<\/p>\n<p class=\"more-link\"><a href=\"https:\/\/alineputot-toupry.com\/en\/pictural\/\" class=\"readmore\">Continue reading<svg class=\"icon icon-arrow-right\" aria-hidden=\"true\" role=\"img\"> <use href=\"#icon-arrow-right\" xlink:href=\"#icon-arrow-right\"><\/use> <\/svg><span class=\"screen-reader-text\">Art Graphique<\/span><\/a><\/p>\n","protected":false},"author":1,"featured_media":0,"parent":0,"menu_order":0,"comment_status":"closed","ping_status":"closed","template":"","meta":{"spay_email":""},"yoast_head":"<!-- This site is optimized with the Yoast SEO plugin v19.3 - https:\/\/yoast.com\/wordpress\/plugins\/seo\/ -->\n<title>Art Graphique - Aline Putot-Toupry<\/title>\n<meta name=\"robots\" content=\"index, follow, max-snippet:-1, max-image-preview:large, max-video-preview:-1\" \/>\n<link rel=\"canonical\" href=\"https:\/\/alineputot-toupry.com\/en\/pictural\/\" \/>\n<meta property=\"og:locale\" content=\"en_US\" \/>\n<meta property=\"og:type\" content=\"article\" \/>\n<meta property=\"og:title\" content=\"Art Graphique - Aline Putot-Toupry\" \/>\n<meta property=\"og:description\" content=\"DOWNTOWN &nbsp;\u00ab Quotidien \u00bb Dans cette \u0153uvre&nbsp;: Hier, Aujourd\u2019hui, Demain&#8230; c\u2019est la lune qui prend la premiere place. Lune que nous contemplons au quotidien que l\u2019on cherche quand elle estContinue reading Art Graphique\" \/>\n<meta property=\"og:url\" content=\"https:\/\/alineputot-toupry.com\/en\/pictural\/\" \/>\n<meta property=\"og:site_name\" content=\"Aline Putot-Toupry\" \/>\n<meta property=\"article:modified_time\" content=\"2022-05-21T22:08:16+00:00\" \/>\n<meta property=\"og:image\" content=\"http:\/\/alineputot-toupry.com\/wp-content\/uploads\/2018\/06\/Downtown-gravure-1024x802.jpg\" \/>\n<meta name=\"twitter:card\" content=\"summary_large_image\" \/>\n<meta name=\"twitter:label1\" content=\"Est. reading time\" \/>\n\t<meta name=\"twitter:data1\" content=\"3 minutes\" \/>\n<script type=\"application\/ld+json\" class=\"yoast-schema-graph\">{\"@context\":\"https:\/\/schema.org\",\"@graph\":[{\"@type\":\"WebSite\",\"@id\":\"http:\/\/alineputot-toupry.com\/en\/#website\",\"url\":\"http:\/\/alineputot-toupry.com\/en\/\",\"name\":\"Aline Putot-Toupry\",\"description\":\"\",\"potentialAction\":[{\"@type\":\"SearchAction\",\"target\":{\"@type\":\"EntryPoint\",\"urlTemplate\":\"http:\/\/alineputot-toupry.com\/en\/?s={search_term_string}\"},\"query-input\":\"required name=search_term_string\"}],\"inLanguage\":\"en-US\"},{\"@type\":\"ImageObject\",\"inLanguage\":\"en-US\",\"@id\":\"https:\/\/alineputot-toupry.com\/en\/pictural\/#primaryimage\",\"url\":\"http:\/\/alineputot-toupry.com\/wp-content\/uploads\/2018\/06\/Downtown-gravure-1024x802.jpg\",\"contentUrl\":\"http:\/\/alineputot-toupry.com\/wp-content\/uploads\/2018\/06\/Downtown-gravure-1024x802.jpg\"},{\"@type\":\"WebPage\",\"@id\":\"https:\/\/alineputot-toupry.com\/en\/pictural\/\",\"url\":\"https:\/\/alineputot-toupry.com\/en\/pictural\/\",\"name\":\"Art Graphique - Aline Putot-Toupry\",\"isPartOf\":{\"@id\":\"http:\/\/alineputot-toupry.com\/en\/#website\"},\"primaryImageOfPage\":{\"@id\":\"https:\/\/alineputot-toupry.com\/en\/pictural\/#primaryimage\"},\"datePublished\":\"2018-06-26T22:20:04+00:00\",\"dateModified\":\"2022-05-21T22:08:16+00:00\",\"breadcrumb\":{\"@id\":\"https:\/\/alineputot-toupry.com\/en\/pictural\/#breadcrumb\"},\"inLanguage\":\"en-US\",\"potentialAction\":[{\"@type\":\"ReadAction\",\"target\":[\"https:\/\/alineputot-toupry.com\/en\/pictural\/\"]}]},{\"@type\":\"BreadcrumbList\",\"@id\":\"https:\/\/alineputot-toupry.com\/en\/pictural\/#breadcrumb\",\"itemListElement\":[{\"@type\":\"ListItem\",\"position\":1,\"name\":\"Accueil\",\"item\":\"http:\/\/alineputot-toupry.com\/en\/\"},{\"@type\":\"ListItem\",\"position\":2,\"name\":\"Art Graphique\"}]}]}<\/script>\n<!-- \/ Yoast SEO plugin. -->","yoast_head_json":{"title":"Art Graphique - Aline Putot-Toupry","robots":{"index":"index","follow":"follow","max-snippet":"max-snippet:-1","max-image-preview":"max-image-preview:large","max-video-preview":"max-video-preview:-1"},"canonical":"https:\/\/alineputot-toupry.com\/en\/pictural\/","og_locale":"en_US","og_type":"article","og_title":"Art Graphique - Aline Putot-Toupry","og_description":"DOWNTOWN &nbsp;\u00ab Quotidien \u00bb Dans cette \u0153uvre&nbsp;: Hier, Aujourd\u2019hui, Demain&#8230; c\u2019est la lune qui prend la premiere place. Lune que nous contemplons au quotidien que l\u2019on cherche quand elle estContinue reading Art Graphique","og_url":"https:\/\/alineputot-toupry.com\/en\/pictural\/","og_site_name":"Aline Putot-Toupry","article_modified_time":"2022-05-21T22:08:16+00:00","og_image":[{"url":"http:\/\/alineputot-toupry.com\/wp-content\/uploads\/2018\/06\/Downtown-gravure-1024x802.jpg"}],"twitter_card":"summary_large_image","twitter_misc":{"Est. reading time":"3 minutes"},"schema":{"@context":"https:\/\/schema.org","@graph":[{"@type":"WebSite","@id":"http:\/\/alineputot-toupry.com\/en\/#website","url":"http:\/\/alineputot-toupry.com\/en\/","name":"Aline Putot-Toupry","description":"","potentialAction":[{"@type":"SearchAction","target":{"@type":"EntryPoint","urlTemplate":"http:\/\/alineputot-toupry.com\/en\/?s={search_term_string}"},"query-input":"required name=search_term_string"}],"inLanguage":"en-US"},{"@type":"ImageObject","inLanguage":"en-US","@id":"https:\/\/alineputot-toupry.com\/en\/pictural\/#primaryimage","url":"http:\/\/alineputot-toupry.com\/wp-content\/uploads\/2018\/06\/Downtown-gravure-1024x802.jpg","contentUrl":"http:\/\/alineputot-toupry.com\/wp-content\/uploads\/2018\/06\/Downtown-gravure-1024x802.jpg"},{"@type":"WebPage","@id":"https:\/\/alineputot-toupry.com\/en\/pictural\/","url":"https:\/\/alineputot-toupry.com\/en\/pictural\/","name":"Art Graphique - Aline Putot-Toupry","isPartOf":{"@id":"http:\/\/alineputot-toupry.com\/en\/#website"},"primaryImageOfPage":{"@id":"https:\/\/alineputot-toupry.com\/en\/pictural\/#primaryimage"},"datePublished":"2018-06-26T22:20:04+00:00","dateModified":"2022-05-21T22:08:16+00:00","breadcrumb":{"@id":"https:\/\/alineputot-toupry.com\/en\/pictural\/#breadcrumb"},"inLanguage":"en-US","potentialAction":[{"@type":"ReadAction","target":["https:\/\/alineputot-toupry.com\/en\/pictural\/"]}]},{"@type":"BreadcrumbList","@id":"https:\/\/alineputot-toupry.com\/en\/pictural\/#breadcrumb","itemListElement":[{"@type":"ListItem","position":1,"name":"Accueil","item":"http:\/\/alineputot-toupry.com\/en\/"},{"@type":"ListItem","position":2,"name":"Art Graphique"}]}]}},"jetpack_sharing_enabled":true,"jetpack_shortlink":"https:\/\/wp.me\/P9ygzD-4A","_links":{"self":[{"href":"https:\/\/alineputot-toupry.com\/en\/wp-json\/wp\/v2\/pages\/284"}],"collection":[{"href":"https:\/\/alineputot-toupry.com\/en\/wp-json\/wp\/v2\/pages"}],"about":[{"href":"https:\/\/alineputot-toupry.com\/en\/wp-json\/wp\/v2\/types\/page"}],"author":[{"embeddable":true,"href":"https:\/\/alineputot-toupry.com\/en\/wp-json\/wp\/v2\/users\/1"}],"replies":[{"embeddable":true,"href":"https:\/\/alineputot-toupry.com\/en\/wp-json\/wp\/v2\/comments?post=284"}],"version-history":[{"count":7,"href":"https:\/\/alineputot-toupry.com\/en\/wp-json\/wp\/v2\/pages\/284\/revisions"}],"predecessor-version":[{"id":633,"href":"https:\/\/alineputot-toupry.com\/en\/wp-json\/wp\/v2\/pages\/284\/revisions\/633"}],"wp:attachment":[{"href":"https:\/\/alineputot-toupry.com\/en\/wp-json\/wp\/v2\/media?parent=284"}],"curies":[{"name":"wp","href":"https:\/\/api.w.org\/{rel}","templated":true}]}}