{"id":948,"date":"2022-08-10T12:53:18","date_gmt":"2022-08-10T10:53:18","guid":{"rendered":"http:\/\/alineputot-toupry.com\/?page_id=948"},"modified":"2022-08-10T13:11:22","modified_gmt":"2022-08-10T11:11:22","slug":"consulting","status":"publish","type":"page","link":"http:\/\/alineputot-toupry.com\/en\/consulting\/","title":{"rendered":"Consulting"},"content":{"rendered":"<p>[vc_row][vc_column width=&#8221;1\/2&#8243;][vc_images_carousel images=&#8221;341&#8243; img_size=&#8221;large&#8221;][\/vc_column][vc_column width=&#8221;1\/2&#8243;][vc_images_carousel images=&#8221;344&#8243; img_size=&#8221;large&#8221;][\/vc_column][\/vc_row][vc_row][vc_column][vc_images_carousel images=&#8221;149&#8243; img_size=&#8221;large&#8221;][\/vc_column][\/vc_row][vc_row][vc_column][vc_column_text]Forte de mes 30 ann\u00e9es d&#8217;exp\u00e9rience dans la pratique de l&#8217;ornementation traditionnelle, des m\u00e9tiers d&#8217;art du bois et de la dorure , je propose un service de conseils dans une approche transversale des savoirs faires, que ce soit pour des architectes, des artistes ou des maisons de luxe.<\/p>\n<p>&nbsp;[\/vc_column_text][\/vc_column][\/vc_row]<\/p>\n","protected":false},"excerpt":{"rendered":"<p>[vc_row][vc_column width=&#8221;1\/2&#8243;][vc_images_carousel images=&#8221;341&#8243; img_size=&#8221;large&#8221;][\/vc_column][vc_column width=&#8221;1\/2&#8243;][vc_images_carousel images=&#8221;344&#8243; img_size=&#8221;large&#8221;][\/vc_column][\/vc_row][vc_row][vc_column][vc_images_carousel images=&#8221;149&#8243; img_size=&#8221;large&#8221;][\/vc_column][\/vc_row][vc_row][vc_column][vc_column_text]Forte de mes 30 ann\u00e9es d&#8217;exp\u00e9rience dans la pratique de l&#8217;ornementation traditionnelle, des m\u00e9tiers d&#8217;art du bois et de la dorure ,<\/p>\n<p class=\"more-link\"><a href=\"http:\/\/alineputot-toupry.com\/en\/consulting\/\" class=\"readmore\">Continue reading<svg class=\"icon icon-arrow-right\" aria-hidden=\"true\" role=\"img\"> <use href=\"#icon-arrow-right\" xlink:href=\"#icon-arrow-right\"><\/use> <\/svg><span class=\"screen-reader-text\">Consulting<\/span><\/a><\/p>\n","protected":false},"author":1,"featured_media":0,"parent":0,"menu_order":0,"comment_status":"closed","ping_status":"closed","template":"","meta":{"spay_email":""},"yoast_head":"<!-- This site is optimized with the Yoast SEO plugin v19.3 - https:\/\/yoast.com\/wordpress\/plugins\/seo\/ -->\n<title>Consulting - Aline Putot-Toupry<\/title>\n<meta name=\"robots\" content=\"index, follow, max-snippet:-1, max-image-preview:large, max-video-preview:-1\" \/>\n<link rel=\"canonical\" href=\"http:\/\/alineputot-toupry.com\/consulting\/\" \/>\n<meta property=\"og:locale\" content=\"en_US\" \/>\n<meta property=\"og:type\" content=\"article\" \/>\n<meta property=\"og:title\" content=\"Consulting - Aline Putot-Toupry\" \/>\n<meta property=\"og:description\" content=\"[vc_row][vc_column width=&#8221;1\/2&#8243;][vc_images_carousel images=&#8221;341&#8243; img_size=&#8221;large&#8221;][\/vc_column][vc_column width=&#8221;1\/2&#8243;][vc_images_carousel images=&#8221;344&#8243; img_size=&#8221;large&#8221;][\/vc_column][\/vc_row][vc_row][vc_column][vc_images_carousel images=&#8221;149&#8243; img_size=&#8221;large&#8221;][\/vc_column][\/vc_row][vc_row][vc_column][vc_column_text]Forte de mes 30 ann\u00e9es d&#8217;exp\u00e9rience dans la pratique de l&#8217;ornementation traditionnelle, des m\u00e9tiers d&#8217;art du bois et de la dorure ,Continue reading Consulting\" \/>\n<meta property=\"og:url\" content=\"http:\/\/alineputot-toupry.com\/consulting\/\" \/>\n<meta property=\"og:site_name\" content=\"Aline Putot-Toupry\" \/>\n<meta property=\"article:modified_time\" content=\"2022-08-10T11:11:22+00:00\" \/>\n<meta name=\"twitter:card\" content=\"summary_large_image\" \/>\n<script type=\"application\/ld+json\" class=\"yoast-schema-graph\">{\"@context\":\"https:\/\/schema.org\",\"@graph\":[{\"@type\":\"WebSite\",\"@id\":\"https:\/\/alineputot-toupry.com\/#website\",\"url\":\"https:\/\/alineputot-toupry.com\/\",\"name\":\"Aline Putot-Toupry\",\"description\":\"\",\"potentialAction\":[{\"@type\":\"SearchAction\",\"target\":{\"@type\":\"EntryPoint\",\"urlTemplate\":\"https:\/\/alineputot-toupry.com\/?s={search_term_string}\"},\"query-input\":\"required name=search_term_string\"}],\"inLanguage\":\"en-US\"},{\"@type\":\"WebPage\",\"@id\":\"http:\/\/alineputot-toupry.com\/consulting\/\",\"url\":\"http:\/\/alineputot-toupry.com\/consulting\/\",\"name\":\"Consulting - Aline Putot-Toupry\",\"isPartOf\":{\"@id\":\"https:\/\/alineputot-toupry.com\/#website\"},\"datePublished\":\"2022-08-10T10:53:18+00:00\",\"dateModified\":\"2022-08-10T11:11:22+00:00\",\"breadcrumb\":{\"@id\":\"http:\/\/alineputot-toupry.com\/consulting\/#breadcrumb\"},\"inLanguage\":\"en-US\",\"potentialAction\":[{\"@type\":\"ReadAction\",\"target\":[\"http:\/\/alineputot-toupry.com\/consulting\/\"]}]},{\"@type\":\"BreadcrumbList\",\"@id\":\"http:\/\/alineputot-toupry.com\/consulting\/#breadcrumb\",\"itemListElement\":[{\"@type\":\"ListItem\",\"position\":1,\"name\":\"Accueil\",\"item\":\"https:\/\/alineputot-toupry.com\/\"},{\"@type\":\"ListItem\",\"position\":2,\"name\":\"Consulting\"}]}]}<\/script>\n<!-- \/ Yoast SEO plugin. -->","yoast_head_json":{"title":"Consulting - Aline Putot-Toupry","robots":{"index":"index","follow":"follow","max-snippet":"max-snippet:-1","max-image-preview":"max-image-preview:large","max-video-preview":"max-video-preview:-1"},"canonical":"http:\/\/alineputot-toupry.com\/consulting\/","og_locale":"en_US","og_type":"article","og_title":"Consulting - Aline Putot-Toupry","og_description":"[vc_row][vc_column width=&#8221;1\/2&#8243;][vc_images_carousel images=&#8221;341&#8243; img_size=&#8221;large&#8221;][\/vc_column][vc_column width=&#8221;1\/2&#8243;][vc_images_carousel images=&#8221;344&#8243; img_size=&#8221;large&#8221;][\/vc_column][\/vc_row][vc_row][vc_column][vc_images_carousel images=&#8221;149&#8243; img_size=&#8221;large&#8221;][\/vc_column][\/vc_row][vc_row][vc_column][vc_column_text]Forte de mes 30 ann\u00e9es d&#8217;exp\u00e9rience dans la pratique de l&#8217;ornementation traditionnelle, des m\u00e9tiers d&#8217;art du bois et de la dorure ,Continue reading Consulting","og_url":"http:\/\/alineputot-toupry.com\/consulting\/","og_site_name":"Aline Putot-Toupry","article_modified_time":"2022-08-10T11:11:22+00:00","twitter_card":"summary_large_image","schema":{"@context":"https:\/\/schema.org","@graph":[{"@type":"WebSite","@id":"https:\/\/alineputot-toupry.com\/#website","url":"https:\/\/alineputot-toupry.com\/","name":"Aline Putot-Toupry","description":"","potentialAction":[{"@type":"SearchAction","target":{"@type":"EntryPoint","urlTemplate":"https:\/\/alineputot-toupry.com\/?s={search_term_string}"},"query-input":"required name=search_term_string"}],"inLanguage":"en-US"},{"@type":"WebPage","@id":"http:\/\/alineputot-toupry.com\/consulting\/","url":"http:\/\/alineputot-toupry.com\/consulting\/","name":"Consulting - Aline Putot-Toupry","isPartOf":{"@id":"https:\/\/alineputot-toupry.com\/#website"},"datePublished":"2022-08-10T10:53:18+00:00","dateModified":"2022-08-10T11:11:22+00:00","breadcrumb":{"@id":"http:\/\/alineputot-toupry.com\/consulting\/#breadcrumb"},"inLanguage":"en-US","potentialAction":[{"@type":"ReadAction","target":["http:\/\/alineputot-toupry.com\/consulting\/"]}]},{"@type":"BreadcrumbList","@id":"http:\/\/alineputot-toupry.com\/consulting\/#breadcrumb","itemListElement":[{"@type":"ListItem","position":1,"name":"Accueil","item":"https:\/\/alineputot-toupry.com\/"},{"@type":"ListItem","position":2,"name":"Consulting"}]}]}},"jetpack_sharing_enabled":true,"jetpack_shortlink":"https:\/\/wp.me\/P9ygzD-fi","_links":{"self":[{"href":"http:\/\/alineputot-toupry.com\/en\/wp-json\/wp\/v2\/pages\/948"}],"collection":[{"href":"http:\/\/alineputot-toupry.com\/en\/wp-json\/wp\/v2\/pages"}],"about":[{"href":"http:\/\/alineputot-toupry.com\/en\/wp-json\/wp\/v2\/types\/page"}],"author":[{"embeddable":true,"href":"http:\/\/alineputot-toupry.com\/en\/wp-json\/wp\/v2\/users\/1"}],"replies":[{"embeddable":true,"href":"http:\/\/alineputot-toupry.com\/en\/wp-json\/wp\/v2\/comments?post=948"}],"version-history":[{"count":2,"href":"http:\/\/alineputot-toupry.com\/en\/wp-json\/wp\/v2\/pages\/948\/revisions"}],"predecessor-version":[{"id":950,"href":"http:\/\/alineputot-toupry.com\/en\/wp-json\/wp\/v2\/pages\/948\/revisions\/950"}],"wp:attachment":[{"href":"http:\/\/alineputot-toupry.com\/en\/wp-json\/wp\/v2\/media?parent=948"}],"curies":[{"name":"wp","href":"https:\/\/api.w.org\/{rel}","templated":true}]}}