{"id":915,"date":"2022-08-09T18:24:52","date_gmt":"2022-08-09T16:24:52","guid":{"rendered":"http:\/\/alineputot-toupry.com\/?page_id=915"},"modified":"2022-08-10T12:52:07","modified_gmt":"2022-08-10T10:52:07","slug":"oeuvres","status":"publish","type":"page","link":"http:\/\/alineputot-toupry.com\/en\/oeuvres\/","title":{"rendered":"cr\u00e9ations"},"content":{"rendered":"<p>[vc_row][vc_column][\/vc_column][\/vc_row][vc_row][vc_column][vc_column_text]Chaque \u0153uvre est unique. Inspir\u00e9es par la nature, elles favorisent la m\u00e9ditation.<\/p>\n<p>\u00ab\u00a0Il faut laisser une large place au vide cette marge de r\u00eave cette infinie de possible\u00a0\u00bb \u00e9non\u00e7aient les moines Zen au 7\u00e9me si\u00e8cle alors qu\u2019ils\u00a0 cherchaient \u00e0 travers un coup de pinceau rapide le fulgurant d\u00e9clic mental de l\u2019\u00e9veil. R\u00e9duire l\u2019univers \u00e0 sa plus simple expression sugg\u00e9rer plut\u00f4t que formuler cr\u00e9er avec la plus grande \u00e9conomie de moyen est la directe traduction graphique de la conception zen du monde.<\/p>\n<p>Ses \u0153uvres sont souvent inspir\u00e9s de Ha\u00efkus, po\u00e8mes japonais qui ouvrent les portes de l&#8217;inspiration et de la m\u00e9ditation.<\/p>\n<p>C\u2019est cet univers que l\u2019on retrouve dans sa derni\u00e8re cr\u00e9ation \u00ab Le r\u00eave de l\u2019arbre \u00bb.<\/p>\n<p>&nbsp;[\/vc_column_text][vc_column_text]<\/p>\n<p class=\"Standard\" style=\"text-align: justify; text-justify: inter-ideograph;\">Ha\u00eekus du &#8220;R\u00eave de l&#8217;Arbre&#8221;<\/p>\n<p>&nbsp;<\/p>\n<p class=\"Standard\" style=\"text-align: justify; text-justify: inter-ideograph;\">Cerisier fleuri\u00a0 \u00a0 \u00a0 \u00a0 \u00a0 \u00a0 \u00a0 \u00a0 \u00a0 \u00a0 \u00a0 \u00a0 \u00a0 \u00a0 \u00a0 \u00a0 \u00a0 \u00a0 \u00a0 \u00a0 \u00a0 \u00a0 \u00a0 \u00a0 Cerisier en fleurs<\/p>\n<p class=\"Standard\" style=\"text-align: justify; text-justify: inter-ideograph;\">Victorieuse en vie\u00a0 \u00a0 \u00a0 \u00a0 \u00a0 \u00a0 \u00a0 \u00a0 \u00a0 \u00a0 \u00a0Branche victorieuse bourdonne<\/p>\n<p class=\"Standard\" style=\"text-align: justify; text-justify: inter-ideograph;\">L\u2019hiver est parti\u00a0 \u00a0 \u00a0 \u00a0 \u00a0 \u00a0 \u00a0 \u00a0 \u00a0 \u00a0 \u00a0 \u00a0 \u00a0 \u00a0 \u00a0 \u00a0 \u00a0 D\u2019abeilles joyeuses<\/p>\n<p>&nbsp;[\/vc_column_text][vc_images_carousel images=&#8221;858&#8243; img_size=&#8221;large&#8221; title=&#8221;Le r\u00eave de l&#8217;arbre expos\u00e9 au Mobilier National&#8221;][\/vc_column][\/vc_row][vc_row][vc_column][vc_column_text]Au d\u00e9part le dessin, rapidement l\u2019arbre s\u2019impose, un arbre massif vivant qui \u00e9lance ses branches.<\/p>\n<p>Souvenir du Japon \u00ab\u00a0Heureux comme un arbre \u00e0 Nara\u00a0\u00bb Ainsi aurait pu se nommer cette cr\u00e9ation.<\/p>\n<p>Etes-vous d\u00e9j\u00e0 all\u00e9 \u00e0 Nara, sur l\u2019\u00eele\u00a0 Miyajima, \u00e0 Kyoto\u00a0?<\/p>\n<p>Les arbres semblent savoir qu\u2019ils seront entretenus et respect\u00e9s. M\u00eame creux, ils sont soign\u00e9s avec des onguents, leurs branches soutenues.<\/p>\n<p>Nul ne peut comprendre le Japon, s\u2019il n\u2019a pas fait cette exp\u00e9rience et bien malheureux celui qui ne l\u2019a pas compris. Ou bienheureux, car il ne connaitra pas cette souffrance quand il n\u2019y est pas.<\/p>\n<p>Ainsi, ce sera \u00ab\u00a0Le r\u00eave de l\u2019arbre\u00a0\u00bb est-ce un arbre qui r\u00eave de refleurir\u00a0 au printemps apr\u00e8s l\u2019hiver, la s\u00e9cheresse, les turpitudes de sa vie\u00a0?<\/p>\n<p>L\u2019artiste qui r\u00eave de retourner au Japon\u00a0et qui r\u00eave des arbres de Nara ?<\/p>\n<p>Ou alors les deux\u00a0?<\/p>\n<p>Les gouttes craquel\u00e9es, sont-ce des larmes\u00a0? Est-ce la s\u00e9cheresse qui le tourmente\u00a0?<\/p>\n<p>Le marbre est craquel\u00e9, bless\u00e9 mais r\u00e9par\u00e9 par \u00e0 la technique du kintsugi.<\/p>\n<p>Les blessures sont r\u00e9par\u00e9es, magnifi\u00e9es, r\u00e9silience de la vie qui rend plus fort.<\/p>\n<p>Ce qui ne d\u00e9truit pas rend plus fort.<\/p>\n<p>L\u2019arbre victorieux refleurit.<\/p>\n<p>La branche de l\u2019arbre, parsem\u00e9e de fleurs \u00e9closent, des abeilles butinent.<\/p>\n<p>L\u2019\u0153uvre se compose en t\u00e9traptyque qui se lit \u00e0 partir\u00a0 c\u00f4t\u00e9 gauche en allant vers la face puis le c\u00f4t\u00e9 droit et enfin se termine sur la partie sup\u00e9rieure<\/p>\n<p>&nbsp;[\/vc_column_text][\/vc_column][\/vc_row][vc_row][vc_column][vc_images_carousel images=&#8221;939&#8243; img_size=&#8221;large&#8221;][vc_separator][\/vc_column][\/vc_row][vc_row][vc_column width=&#8221;1\/2&#8243;][vc_images_carousel images=&#8221;807&#8243; img_size=&#8221;large&#8221; title=&#8221;Cr\u00e9ation originale pour la Maison CODIMAT \u00e0 partir de leur collection&#8221;][\/vc_column][\/vc_row][vc_row][vc_column][vc_column_text]Fleurs de n\u00e9flier<\/p>\n<p>Blancheur et d\u00e9licatesse<\/p>\n<p>Soleil de printemps<\/p>\n<p>&nbsp;[\/vc_column_text][\/vc_column][\/vc_row][vc_row][vc_column][vc_separator][\/vc_column][\/vc_row][vc_row][vc_column width=&#8221;1\/2&#8243;][vc_images_carousel images=&#8221;944&#8243; img_size=&#8221;large&#8221;][\/vc_column][vc_column width=&#8221;1\/2&#8243;][vc_images_carousel images=&#8221;945&#8243; img_size=&#8221;large&#8221;][vc_separator][\/vc_column][\/vc_row][vc_row][vc_column][vc_images_carousel images=&#8221;927&#8243; img_size=&#8221;large&#8221;][vc_separator][\/vc_column][\/vc_row][vc_row][vc_column][vc_images_carousel images=&#8221;910&#8243; img_size=&#8221;large&#8221;][vc_separator][vc_text_separator title=&#8221;&#8220;REBORN&#8220; Cr\u00e9ation originale pour l&#8217;exposition &#8220;Savoir faire des Takumi&#8220;&#8221;][\/vc_column][\/vc_row][vc_row][vc_column width=&#8221;1\/2&#8243;][vc_images_carousel images=&#8221;615&#8243; img_size=&#8221;large&#8221;][\/vc_column][vc_column width=&#8221;1\/2&#8243;][vc_images_carousel images=&#8221;612&#8243; img_size=&#8221;large&#8221;][\/vc_column][\/vc_row][vc_row][vc_column][\/vc_column][\/vc_row]<\/p>\n","protected":false},"excerpt":{"rendered":"<p>[vc_row][vc_column][\/vc_column][\/vc_row][vc_row][vc_column][vc_column_text]Chaque \u0153uvre est unique. Inspir\u00e9es par la nature, elles favorisent la m\u00e9ditation. \u00ab\u00a0Il faut laisser une large place au vide cette marge de r\u00eave cette infinie de possible\u00a0\u00bb \u00e9non\u00e7aient les<\/p>\n<p class=\"more-link\"><a href=\"http:\/\/alineputot-toupry.com\/en\/oeuvres\/\" class=\"readmore\">Continue reading<svg class=\"icon icon-arrow-right\" aria-hidden=\"true\" role=\"img\"> <use href=\"#icon-arrow-right\" xlink:href=\"#icon-arrow-right\"><\/use> <\/svg><span class=\"screen-reader-text\">cr\u00e9ations<\/span><\/a><\/p>\n","protected":false},"author":1,"featured_media":0,"parent":0,"menu_order":0,"comment_status":"closed","ping_status":"closed","template":"","meta":{"spay_email":""},"yoast_head":"<!-- This site is optimized with the Yoast SEO plugin v19.3 - https:\/\/yoast.com\/wordpress\/plugins\/seo\/ -->\n<title>cr\u00e9ations - Aline Putot-Toupry<\/title>\n<meta name=\"robots\" content=\"index, follow, max-snippet:-1, max-image-preview:large, max-video-preview:-1\" \/>\n<link rel=\"canonical\" href=\"http:\/\/alineputot-toupry.com\/oeuvres\/\" \/>\n<meta property=\"og:locale\" content=\"en_US\" \/>\n<meta property=\"og:type\" content=\"article\" \/>\n<meta property=\"og:title\" content=\"cr\u00e9ations - Aline Putot-Toupry\" \/>\n<meta property=\"og:description\" content=\"[vc_row][vc_column][\/vc_column][\/vc_row][vc_row][vc_column][vc_column_text]Chaque \u0153uvre est unique. Inspir\u00e9es par la nature, elles favorisent la m\u00e9ditation. \u00ab\u00a0Il faut laisser une large place au vide cette marge de r\u00eave cette infinie de possible\u00a0\u00bb \u00e9non\u00e7aient lesContinue reading cr\u00e9ations\" \/>\n<meta property=\"og:url\" content=\"http:\/\/alineputot-toupry.com\/oeuvres\/\" \/>\n<meta property=\"og:site_name\" content=\"Aline Putot-Toupry\" \/>\n<meta property=\"article:modified_time\" content=\"2022-08-10T10:52:07+00:00\" \/>\n<meta name=\"twitter:card\" content=\"summary_large_image\" \/>\n<script type=\"application\/ld+json\" class=\"yoast-schema-graph\">{\"@context\":\"https:\/\/schema.org\",\"@graph\":[{\"@type\":\"WebSite\",\"@id\":\"https:\/\/alineputot-toupry.com\/#website\",\"url\":\"https:\/\/alineputot-toupry.com\/\",\"name\":\"Aline Putot-Toupry\",\"description\":\"\",\"potentialAction\":[{\"@type\":\"SearchAction\",\"target\":{\"@type\":\"EntryPoint\",\"urlTemplate\":\"https:\/\/alineputot-toupry.com\/?s={search_term_string}\"},\"query-input\":\"required name=search_term_string\"}],\"inLanguage\":\"en-US\"},{\"@type\":\"WebPage\",\"@id\":\"http:\/\/alineputot-toupry.com\/oeuvres\/\",\"url\":\"http:\/\/alineputot-toupry.com\/oeuvres\/\",\"name\":\"cr\u00e9ations - Aline Putot-Toupry\",\"isPartOf\":{\"@id\":\"https:\/\/alineputot-toupry.com\/#website\"},\"datePublished\":\"2022-08-09T16:24:52+00:00\",\"dateModified\":\"2022-08-10T10:52:07+00:00\",\"breadcrumb\":{\"@id\":\"http:\/\/alineputot-toupry.com\/oeuvres\/#breadcrumb\"},\"inLanguage\":\"en-US\",\"potentialAction\":[{\"@type\":\"ReadAction\",\"target\":[\"http:\/\/alineputot-toupry.com\/oeuvres\/\"]}]},{\"@type\":\"BreadcrumbList\",\"@id\":\"http:\/\/alineputot-toupry.com\/oeuvres\/#breadcrumb\",\"itemListElement\":[{\"@type\":\"ListItem\",\"position\":1,\"name\":\"Accueil\",\"item\":\"https:\/\/alineputot-toupry.com\/\"},{\"@type\":\"ListItem\",\"position\":2,\"name\":\"cr\u00e9ations\"}]}]}<\/script>\n<!-- \/ Yoast SEO plugin. -->","yoast_head_json":{"title":"cr\u00e9ations - Aline Putot-Toupry","robots":{"index":"index","follow":"follow","max-snippet":"max-snippet:-1","max-image-preview":"max-image-preview:large","max-video-preview":"max-video-preview:-1"},"canonical":"http:\/\/alineputot-toupry.com\/oeuvres\/","og_locale":"en_US","og_type":"article","og_title":"cr\u00e9ations - Aline Putot-Toupry","og_description":"[vc_row][vc_column][\/vc_column][\/vc_row][vc_row][vc_column][vc_column_text]Chaque \u0153uvre est unique. Inspir\u00e9es par la nature, elles favorisent la m\u00e9ditation. \u00ab\u00a0Il faut laisser une large place au vide cette marge de r\u00eave cette infinie de possible\u00a0\u00bb \u00e9non\u00e7aient lesContinue reading cr\u00e9ations","og_url":"http:\/\/alineputot-toupry.com\/oeuvres\/","og_site_name":"Aline Putot-Toupry","article_modified_time":"2022-08-10T10:52:07+00:00","twitter_card":"summary_large_image","schema":{"@context":"https:\/\/schema.org","@graph":[{"@type":"WebSite","@id":"https:\/\/alineputot-toupry.com\/#website","url":"https:\/\/alineputot-toupry.com\/","name":"Aline Putot-Toupry","description":"","potentialAction":[{"@type":"SearchAction","target":{"@type":"EntryPoint","urlTemplate":"https:\/\/alineputot-toupry.com\/?s={search_term_string}"},"query-input":"required name=search_term_string"}],"inLanguage":"en-US"},{"@type":"WebPage","@id":"http:\/\/alineputot-toupry.com\/oeuvres\/","url":"http:\/\/alineputot-toupry.com\/oeuvres\/","name":"cr\u00e9ations - Aline Putot-Toupry","isPartOf":{"@id":"https:\/\/alineputot-toupry.com\/#website"},"datePublished":"2022-08-09T16:24:52+00:00","dateModified":"2022-08-10T10:52:07+00:00","breadcrumb":{"@id":"http:\/\/alineputot-toupry.com\/oeuvres\/#breadcrumb"},"inLanguage":"en-US","potentialAction":[{"@type":"ReadAction","target":["http:\/\/alineputot-toupry.com\/oeuvres\/"]}]},{"@type":"BreadcrumbList","@id":"http:\/\/alineputot-toupry.com\/oeuvres\/#breadcrumb","itemListElement":[{"@type":"ListItem","position":1,"name":"Accueil","item":"https:\/\/alineputot-toupry.com\/"},{"@type":"ListItem","position":2,"name":"cr\u00e9ations"}]}]}},"jetpack_sharing_enabled":true,"jetpack_shortlink":"https:\/\/wp.me\/P9ygzD-eL","_links":{"self":[{"href":"http:\/\/alineputot-toupry.com\/en\/wp-json\/wp\/v2\/pages\/915"}],"collection":[{"href":"http:\/\/alineputot-toupry.com\/en\/wp-json\/wp\/v2\/pages"}],"about":[{"href":"http:\/\/alineputot-toupry.com\/en\/wp-json\/wp\/v2\/types\/page"}],"author":[{"embeddable":true,"href":"http:\/\/alineputot-toupry.com\/en\/wp-json\/wp\/v2\/users\/1"}],"replies":[{"embeddable":true,"href":"http:\/\/alineputot-toupry.com\/en\/wp-json\/wp\/v2\/comments?post=915"}],"version-history":[{"count":12,"href":"http:\/\/alineputot-toupry.com\/en\/wp-json\/wp\/v2\/pages\/915\/revisions"}],"predecessor-version":[{"id":947,"href":"http:\/\/alineputot-toupry.com\/en\/wp-json\/wp\/v2\/pages\/915\/revisions\/947"}],"wp:attachment":[{"href":"http:\/\/alineputot-toupry.com\/en\/wp-json\/wp\/v2\/media?parent=915"}],"curies":[{"name":"wp","href":"https:\/\/api.w.org\/{rel}","templated":true}]}}