{"id":586,"date":"2022-05-21T22:20:44","date_gmt":"2022-05-21T20:20:44","guid":{"rendered":"http:\/\/alineputot-toupry.com\/?page_id=586"},"modified":"2022-08-09T12:19:25","modified_gmt":"2022-08-09T10:19:25","slug":"publications","status":"publish","type":"page","link":"http:\/\/alineputot-toupry.com\/en\/publications\/","title":{"rendered":"PUBLICATIONS"},"content":{"rendered":"<p>[vc_row][vc_column][vc_video link=&#8221;https:\/\/youtu.be\/eDnTYKH7GmU?t=1&#8243; title=&#8221;Pr\u00e9sentation de l&#8217;exposition  &#8220;Ali\u00e9n\u00e9s du Mobilier National&#8220;&#8221;][\/vc_column][\/vc_row][vc_row][vc_column][vc_images_carousel images=&#8221;765,761,764,762,763&#8243; img_size=&#8221;medium&#8221; title=&#8221;Publications sur l&#8217;exposition des Ali\u00e9n\u00e9s du Mobilier National&#8221;][vc_images_carousel images=&#8221;730,776&#8243; img_size=&#8221;medium&#8221;][\/vc_column][\/vc_row][vc_row][vc_column][vc_images_carousel images=&#8221;757,760&#8243; img_size=&#8221;medium&#8221; title=&#8221;Collectif Savoir Faire des Takumi. Publication des expositions \u00e0 Tokyo chez Takashimaya et  Collect \u00e0 Londres&#8221;][vc_images_carousel images=&#8221;618,619&#8243; img_size=&#8221;medium&#8221;][vc_images_carousel images=&#8221;593,594&#8243; img_size=&#8221;medium&#8221; title=&#8221;Juin 2015. FEMMES DES METIERS D\u2019ART Edition 11-13&#8243;][\/vc_column][\/vc_row][vc_row][vc_column][vc_images_carousel images=&#8221;595,597,598,596&#8243; img_size=&#8221;medium&#8221; title=&#8221;Article dans la revue de &#8220;The society of gilder&#8220; Sur la cr\u00e9ation et la r\u00e9alisation de l&#8217;Oiselon&#8221;][\/vc_column][\/vc_row][vc_row][vc_column][vc_images_carousel images=&#8221;755,758&#8243; img_size=&#8221;medium&#8221; title=&#8221;Juin 2014. r\u00e9alisation de La couverture du num\u00e9ro 24 de la revue \u00ab Le Bois Grav\u00e9 \u00bb&#8221;][\/vc_column][\/vc_row][vc_row][vc_column][vc_images_carousel images=&#8221;754&#8243; img_size=&#8221;medium&#8221; title=&#8221;Janvier 2013. \u00ab Connaissances des Arts \u00bb Sp\u00e9cial M\u00e9tiers de la Cr\u00e9ation \u00e0 Paris&#8221;][vc_images_carousel images=&#8221;756,774&#8243; img_size=&#8221;medium&#8221; title=&#8221;Sagesse des Artisans au jour le jour. Edition de la Martini\u00e8re&#8221;][\/vc_column][\/vc_row][vc_row][vc_column][vc_images_carousel images=&#8221;759&#8243; img_size=&#8221;medium&#8221; title=&#8221;Artisans et m\u00e9tiers d\u2019art de PARIS . Gallimard&#8221;][\/vc_column][\/vc_row][vc_row][vc_column][vc_images_carousel images=&#8221;601&#8243; img_size=&#8221;large&#8221; title=&#8221;Un portrait dans 1000 et 1 c\u00e9l\u00e9brit\u00e9s du photographe M. Lebel : www.celebrissimes.com&#8221;][vc_column_text]\u2022 juin 2013 .Oeuvres dans le magazine Nespresso .<br \/>\n\u2022 F\u00e9vrier 2013 Only in Paris .De Duncan J.D Smith .Editeur Branstast\u00e4tter Verlag.<br \/>\nGuide de Paris<br \/>\n\u2022 D\u00e9c. 2000. L\u2019H\u00f4tel de Lassay .Chantier d\u2019une renaissance Edition Phileas Fogg Page 133[\/vc_column_text][\/vc_column][\/vc_row]<\/p>\n","protected":false},"excerpt":{"rendered":"<p>[vc_row][vc_column][vc_video link=&#8221;https:\/\/youtu.be\/eDnTYKH7GmU?t=1&#8243; title=&#8221;Pr\u00e9sentation de l&#8217;exposition &#8220;Ali\u00e9n\u00e9s du Mobilier National&#8220;&#8221;][\/vc_column][\/vc_row][vc_row][vc_column][vc_images_carousel images=&#8221;765,761,764,762,763&#8243; img_size=&#8221;medium&#8221; title=&#8221;Publications sur l&#8217;exposition des Ali\u00e9n\u00e9s du Mobilier National&#8221;][vc_images_carousel images=&#8221;730,776&#8243; img_size=&#8221;medium&#8221;][\/vc_column][\/vc_row][vc_row][vc_column][vc_images_carousel images=&#8221;757,760&#8243; img_size=&#8221;medium&#8221; title=&#8221;Collectif Savoir Faire des Takumi. Publication des<\/p>\n<p class=\"more-link\"><a href=\"http:\/\/alineputot-toupry.com\/en\/publications\/\" class=\"readmore\">Continue reading<svg class=\"icon icon-arrow-right\" aria-hidden=\"true\" role=\"img\"> <use href=\"#icon-arrow-right\" xlink:href=\"#icon-arrow-right\"><\/use> <\/svg><span class=\"screen-reader-text\">PUBLICATIONS<\/span><\/a><\/p>\n","protected":false},"author":1,"featured_media":0,"parent":0,"menu_order":0,"comment_status":"closed","ping_status":"closed","template":"","meta":{"spay_email":""},"yoast_head":"<!-- This site is optimized with the Yoast SEO plugin v19.3 - https:\/\/yoast.com\/wordpress\/plugins\/seo\/ -->\n<title>PUBLICATIONS - Aline Putot-Toupry<\/title>\n<meta name=\"robots\" content=\"index, follow, max-snippet:-1, max-image-preview:large, max-video-preview:-1\" \/>\n<link rel=\"canonical\" href=\"https:\/\/alineputot-toupry.com\/en\/publications\/\" \/>\n<meta property=\"og:locale\" content=\"en_US\" \/>\n<meta property=\"og:type\" content=\"article\" \/>\n<meta property=\"og:title\" content=\"PUBLICATIONS - Aline Putot-Toupry\" \/>\n<meta property=\"og:description\" content=\"[vc_row][vc_column][vc_video link=&#8221;https:\/\/youtu.be\/eDnTYKH7GmU?t=1&#8243; title=&#8221;Pr\u00e9sentation de l&#8217;exposition &#8220;Ali\u00e9n\u00e9s du Mobilier National&#8220;&#8221;][\/vc_column][\/vc_row][vc_row][vc_column][vc_images_carousel images=&#8221;765,761,764,762,763&#8243; img_size=&#8221;medium&#8221; title=&#8221;Publications sur l&#8217;exposition des Ali\u00e9n\u00e9s du Mobilier National&#8221;][vc_images_carousel images=&#8221;730,776&#8243; img_size=&#8221;medium&#8221;][\/vc_column][\/vc_row][vc_row][vc_column][vc_images_carousel images=&#8221;757,760&#8243; img_size=&#8221;medium&#8221; title=&#8221;Collectif Savoir Faire des Takumi. Publication desContinue reading PUBLICATIONS\" \/>\n<meta property=\"og:url\" content=\"https:\/\/alineputot-toupry.com\/en\/publications\/\" \/>\n<meta property=\"og:site_name\" content=\"Aline Putot-Toupry\" \/>\n<meta property=\"article:modified_time\" content=\"2022-08-09T10:19:25+00:00\" \/>\n<meta name=\"twitter:card\" content=\"summary_large_image\" \/>\n<meta name=\"twitter:label1\" content=\"Est. reading time\" \/>\n\t<meta name=\"twitter:data1\" content=\"3 minutes\" \/>\n<script type=\"application\/ld+json\" class=\"yoast-schema-graph\">{\"@context\":\"https:\/\/schema.org\",\"@graph\":[{\"@type\":\"WebSite\",\"@id\":\"http:\/\/alineputot-toupry.com\/en\/#website\",\"url\":\"http:\/\/alineputot-toupry.com\/en\/\",\"name\":\"Aline Putot-Toupry\",\"description\":\"\",\"potentialAction\":[{\"@type\":\"SearchAction\",\"target\":{\"@type\":\"EntryPoint\",\"urlTemplate\":\"http:\/\/alineputot-toupry.com\/en\/?s={search_term_string}\"},\"query-input\":\"required name=search_term_string\"}],\"inLanguage\":\"en-US\"},{\"@type\":\"WebPage\",\"@id\":\"https:\/\/alineputot-toupry.com\/en\/publications\/\",\"url\":\"https:\/\/alineputot-toupry.com\/en\/publications\/\",\"name\":\"PUBLICATIONS - Aline Putot-Toupry\",\"isPartOf\":{\"@id\":\"http:\/\/alineputot-toupry.com\/en\/#website\"},\"datePublished\":\"2022-05-21T20:20:44+00:00\",\"dateModified\":\"2022-08-09T10:19:25+00:00\",\"breadcrumb\":{\"@id\":\"https:\/\/alineputot-toupry.com\/en\/publications\/#breadcrumb\"},\"inLanguage\":\"en-US\",\"potentialAction\":[{\"@type\":\"ReadAction\",\"target\":[\"https:\/\/alineputot-toupry.com\/en\/publications\/\"]}]},{\"@type\":\"BreadcrumbList\",\"@id\":\"https:\/\/alineputot-toupry.com\/en\/publications\/#breadcrumb\",\"itemListElement\":[{\"@type\":\"ListItem\",\"position\":1,\"name\":\"Accueil\",\"item\":\"http:\/\/alineputot-toupry.com\/en\/\"},{\"@type\":\"ListItem\",\"position\":2,\"name\":\"PUBLICATIONS\"}]}]}<\/script>\n<!-- \/ Yoast SEO plugin. -->","yoast_head_json":{"title":"PUBLICATIONS - Aline Putot-Toupry","robots":{"index":"index","follow":"follow","max-snippet":"max-snippet:-1","max-image-preview":"max-image-preview:large","max-video-preview":"max-video-preview:-1"},"canonical":"https:\/\/alineputot-toupry.com\/en\/publications\/","og_locale":"en_US","og_type":"article","og_title":"PUBLICATIONS - Aline Putot-Toupry","og_description":"[vc_row][vc_column][vc_video link=&#8221;https:\/\/youtu.be\/eDnTYKH7GmU?t=1&#8243; title=&#8221;Pr\u00e9sentation de l&#8217;exposition &#8220;Ali\u00e9n\u00e9s du Mobilier National&#8220;&#8221;][\/vc_column][\/vc_row][vc_row][vc_column][vc_images_carousel images=&#8221;765,761,764,762,763&#8243; img_size=&#8221;medium&#8221; title=&#8221;Publications sur l&#8217;exposition des Ali\u00e9n\u00e9s du Mobilier National&#8221;][vc_images_carousel images=&#8221;730,776&#8243; img_size=&#8221;medium&#8221;][\/vc_column][\/vc_row][vc_row][vc_column][vc_images_carousel images=&#8221;757,760&#8243; img_size=&#8221;medium&#8221; title=&#8221;Collectif Savoir Faire des Takumi. Publication desContinue reading PUBLICATIONS","og_url":"https:\/\/alineputot-toupry.com\/en\/publications\/","og_site_name":"Aline Putot-Toupry","article_modified_time":"2022-08-09T10:19:25+00:00","twitter_card":"summary_large_image","twitter_misc":{"Est. reading time":"3 minutes"},"schema":{"@context":"https:\/\/schema.org","@graph":[{"@type":"WebSite","@id":"http:\/\/alineputot-toupry.com\/en\/#website","url":"http:\/\/alineputot-toupry.com\/en\/","name":"Aline Putot-Toupry","description":"","potentialAction":[{"@type":"SearchAction","target":{"@type":"EntryPoint","urlTemplate":"http:\/\/alineputot-toupry.com\/en\/?s={search_term_string}"},"query-input":"required name=search_term_string"}],"inLanguage":"en-US"},{"@type":"WebPage","@id":"https:\/\/alineputot-toupry.com\/en\/publications\/","url":"https:\/\/alineputot-toupry.com\/en\/publications\/","name":"PUBLICATIONS - Aline Putot-Toupry","isPartOf":{"@id":"http:\/\/alineputot-toupry.com\/en\/#website"},"datePublished":"2022-05-21T20:20:44+00:00","dateModified":"2022-08-09T10:19:25+00:00","breadcrumb":{"@id":"https:\/\/alineputot-toupry.com\/en\/publications\/#breadcrumb"},"inLanguage":"en-US","potentialAction":[{"@type":"ReadAction","target":["https:\/\/alineputot-toupry.com\/en\/publications\/"]}]},{"@type":"BreadcrumbList","@id":"https:\/\/alineputot-toupry.com\/en\/publications\/#breadcrumb","itemListElement":[{"@type":"ListItem","position":1,"name":"Accueil","item":"http:\/\/alineputot-toupry.com\/en\/"},{"@type":"ListItem","position":2,"name":"PUBLICATIONS"}]}]}},"jetpack_sharing_enabled":true,"jetpack_shortlink":"https:\/\/wp.me\/P9ygzD-9s","_links":{"self":[{"href":"http:\/\/alineputot-toupry.com\/en\/wp-json\/wp\/v2\/pages\/586"}],"collection":[{"href":"http:\/\/alineputot-toupry.com\/en\/wp-json\/wp\/v2\/pages"}],"about":[{"href":"http:\/\/alineputot-toupry.com\/en\/wp-json\/wp\/v2\/types\/page"}],"author":[{"embeddable":true,"href":"http:\/\/alineputot-toupry.com\/en\/wp-json\/wp\/v2\/users\/1"}],"replies":[{"embeddable":true,"href":"http:\/\/alineputot-toupry.com\/en\/wp-json\/wp\/v2\/comments?post=586"}],"version-history":[{"count":43,"href":"http:\/\/alineputot-toupry.com\/en\/wp-json\/wp\/v2\/pages\/586\/revisions"}],"predecessor-version":[{"id":864,"href":"http:\/\/alineputot-toupry.com\/en\/wp-json\/wp\/v2\/pages\/586\/revisions\/864"}],"wp:attachment":[{"href":"http:\/\/alineputot-toupry.com\/en\/wp-json\/wp\/v2\/media?parent=586"}],"curies":[{"name":"wp","href":"https:\/\/api.w.org\/{rel}","templated":true}]}}