{"id":27,"date":"2018-01-13T02:18:38","date_gmt":"2018-01-13T01:18:38","guid":{"rendered":"http:\/\/alineputot-toupry.com\/?page_id=27"},"modified":"2022-08-09T18:35:34","modified_gmt":"2022-08-09T16:35:34","slug":"contact","status":"publish","type":"page","link":"http:\/\/alineputot-toupry.com\/en\/contact\/","title":{"rendered":"CONTACT"},"content":{"rendered":"<p>[vc_row][vc_column width=&#8221;2\/3&#8243;][vc_single_image image=&#8221;127&#8243; img_size=&#8221;large&#8221;][\/vc_column][vc_column width=&#8221;1\/3&#8243;][vc_column_text]<\/p>\n<h3>\u00a0Studio-Workshop<\/h3>\n<h3>37bis rue de Montreuil<\/h3>\n<h3>75011 Paris<\/h3>\n<h3>contact@alineputot-toupry.com<\/h3>\n<p>[\/vc_column_text][\/vc_column][\/vc_row][vc_row][vc_column][vc_column_text]Un projet d&#8217;achat d&#8217;oeuvre d&#8217;art, une collaboration artistique, une commande,<\/p>\n<p>sur rendez-vous,\u00a0 je re\u00e7ois dans mon atelier-galerie.<\/p>\n<p>Etant affili\u00e9e \u00e0 la Maison des Artistes, L&#8217;entreprise qui fait l&#8217;aquisition d&#8217; une <strong>\u0153uvre d&#8217;art originale<\/strong> avant le 31 d\u00e9cembre 2022 peut\u00a0<strong>d\u00e9duire le prix d&#8217;acquisition<\/strong>\u00a0de son r\u00e9sultat imposable. Pour b\u00e9n\u00e9ficier de cet avantage fiscal, l&#8217;entreprise doit remplir certaines conditions.<\/p>\n<p>&nbsp;<\/p>\n<p>&nbsp;<\/p>\n<p>&nbsp;[\/vc_column_text][\/vc_column][\/vc_row]<\/p>\n","protected":false},"excerpt":{"rendered":"<p>[vc_row][vc_column width=&#8221;2\/3&#8243;][vc_single_image image=&#8221;127&#8243; img_size=&#8221;large&#8221;][\/vc_column][vc_column width=&#8221;1\/3&#8243;][vc_column_text] \u00a0Studio-Workshop 37bis rue de Montreuil 75011 Paris contact@alineputot-toupry.com [\/vc_column_text][\/vc_column][\/vc_row][vc_row][vc_column][vc_column_text]Un projet d&#8217;achat d&#8217;oeuvre d&#8217;art, une collaboration artistique, une commande, sur rendez-vous,\u00a0 je re\u00e7ois dans mon atelier-galerie.<\/p>\n<p class=\"more-link\"><a href=\"http:\/\/alineputot-toupry.com\/en\/contact\/\" class=\"readmore\">Continue reading<svg class=\"icon icon-arrow-right\" aria-hidden=\"true\" role=\"img\"> <use href=\"#icon-arrow-right\" xlink:href=\"#icon-arrow-right\"><\/use> <\/svg><span class=\"screen-reader-text\">CONTACT<\/span><\/a><\/p>\n","protected":false},"author":1,"featured_media":0,"parent":0,"menu_order":0,"comment_status":"closed","ping_status":"closed","template":"","meta":{"spay_email":""},"yoast_head":"<!-- This site is optimized with the Yoast SEO plugin v19.3 - https:\/\/yoast.com\/wordpress\/plugins\/seo\/ -->\n<title>CONTACT - Aline Putot-Toupry<\/title>\n<meta name=\"robots\" content=\"index, follow, max-snippet:-1, max-image-preview:large, max-video-preview:-1\" \/>\n<link rel=\"canonical\" href=\"https:\/\/alineputot-toupry.com\/en\/contact\/\" \/>\n<meta property=\"og:locale\" content=\"en_US\" \/>\n<meta property=\"og:type\" content=\"article\" \/>\n<meta property=\"og:title\" content=\"CONTACT - Aline Putot-Toupry\" \/>\n<meta property=\"og:description\" content=\"[vc_row][vc_column width=&#8221;2\/3&#8243;][vc_single_image image=&#8221;127&#8243; img_size=&#8221;large&#8221;][\/vc_column][vc_column width=&#8221;1\/3&#8243;][vc_column_text] \u00a0Studio-Workshop 37bis rue de Montreuil 75011 Paris contact@alineputot-toupry.com [\/vc_column_text][\/vc_column][\/vc_row][vc_row][vc_column][vc_column_text]Un projet d&#8217;achat d&#8217;oeuvre d&#8217;art, une collaboration artistique, une commande, sur rendez-vous,\u00a0 je re\u00e7ois dans mon atelier-galerie.Continue reading CONTACT\" \/>\n<meta property=\"og:url\" content=\"https:\/\/alineputot-toupry.com\/en\/contact\/\" \/>\n<meta property=\"og:site_name\" content=\"Aline Putot-Toupry\" \/>\n<meta property=\"article:modified_time\" content=\"2022-08-09T16:35:34+00:00\" \/>\n<meta name=\"twitter:card\" content=\"summary_large_image\" \/>\n<meta name=\"twitter:label1\" content=\"Est. reading time\" \/>\n\t<meta name=\"twitter:data1\" content=\"1 minute\" \/>\n<script type=\"application\/ld+json\" class=\"yoast-schema-graph\">{\"@context\":\"https:\/\/schema.org\",\"@graph\":[{\"@type\":\"WebSite\",\"@id\":\"http:\/\/alineputot-toupry.com\/#website\",\"url\":\"http:\/\/alineputot-toupry.com\/\",\"name\":\"Aline Putot-Toupry\",\"description\":\"\",\"potentialAction\":[{\"@type\":\"SearchAction\",\"target\":{\"@type\":\"EntryPoint\",\"urlTemplate\":\"http:\/\/alineputot-toupry.com\/?s={search_term_string}\"},\"query-input\":\"required name=search_term_string\"}],\"inLanguage\":\"en-US\"},{\"@type\":\"WebPage\",\"@id\":\"https:\/\/alineputot-toupry.com\/en\/contact\/\",\"url\":\"https:\/\/alineputot-toupry.com\/en\/contact\/\",\"name\":\"CONTACT - Aline Putot-Toupry\",\"isPartOf\":{\"@id\":\"http:\/\/alineputot-toupry.com\/#website\"},\"datePublished\":\"2018-01-13T01:18:38+00:00\",\"dateModified\":\"2022-08-09T16:35:34+00:00\",\"breadcrumb\":{\"@id\":\"https:\/\/alineputot-toupry.com\/en\/contact\/#breadcrumb\"},\"inLanguage\":\"en-US\",\"potentialAction\":[{\"@type\":\"ReadAction\",\"target\":[\"https:\/\/alineputot-toupry.com\/en\/contact\/\"]}]},{\"@type\":\"BreadcrumbList\",\"@id\":\"https:\/\/alineputot-toupry.com\/en\/contact\/#breadcrumb\",\"itemListElement\":[{\"@type\":\"ListItem\",\"position\":1,\"name\":\"Accueil\",\"item\":\"http:\/\/alineputot-toupry.com\/\"},{\"@type\":\"ListItem\",\"position\":2,\"name\":\"CONTACT\"}]}]}<\/script>\n<!-- \/ Yoast SEO plugin. -->","yoast_head_json":{"title":"CONTACT - Aline Putot-Toupry","robots":{"index":"index","follow":"follow","max-snippet":"max-snippet:-1","max-image-preview":"max-image-preview:large","max-video-preview":"max-video-preview:-1"},"canonical":"https:\/\/alineputot-toupry.com\/en\/contact\/","og_locale":"en_US","og_type":"article","og_title":"CONTACT - Aline Putot-Toupry","og_description":"[vc_row][vc_column width=&#8221;2\/3&#8243;][vc_single_image image=&#8221;127&#8243; img_size=&#8221;large&#8221;][\/vc_column][vc_column width=&#8221;1\/3&#8243;][vc_column_text] \u00a0Studio-Workshop 37bis rue de Montreuil 75011 Paris contact@alineputot-toupry.com [\/vc_column_text][\/vc_column][\/vc_row][vc_row][vc_column][vc_column_text]Un projet d&#8217;achat d&#8217;oeuvre d&#8217;art, une collaboration artistique, une commande, sur rendez-vous,\u00a0 je re\u00e7ois dans mon atelier-galerie.Continue reading CONTACT","og_url":"https:\/\/alineputot-toupry.com\/en\/contact\/","og_site_name":"Aline Putot-Toupry","article_modified_time":"2022-08-09T16:35:34+00:00","twitter_card":"summary_large_image","twitter_misc":{"Est. reading time":"1 minute"},"schema":{"@context":"https:\/\/schema.org","@graph":[{"@type":"WebSite","@id":"http:\/\/alineputot-toupry.com\/#website","url":"http:\/\/alineputot-toupry.com\/","name":"Aline Putot-Toupry","description":"","potentialAction":[{"@type":"SearchAction","target":{"@type":"EntryPoint","urlTemplate":"http:\/\/alineputot-toupry.com\/?s={search_term_string}"},"query-input":"required name=search_term_string"}],"inLanguage":"en-US"},{"@type":"WebPage","@id":"https:\/\/alineputot-toupry.com\/en\/contact\/","url":"https:\/\/alineputot-toupry.com\/en\/contact\/","name":"CONTACT - Aline Putot-Toupry","isPartOf":{"@id":"http:\/\/alineputot-toupry.com\/#website"},"datePublished":"2018-01-13T01:18:38+00:00","dateModified":"2022-08-09T16:35:34+00:00","breadcrumb":{"@id":"https:\/\/alineputot-toupry.com\/en\/contact\/#breadcrumb"},"inLanguage":"en-US","potentialAction":[{"@type":"ReadAction","target":["https:\/\/alineputot-toupry.com\/en\/contact\/"]}]},{"@type":"BreadcrumbList","@id":"https:\/\/alineputot-toupry.com\/en\/contact\/#breadcrumb","itemListElement":[{"@type":"ListItem","position":1,"name":"Accueil","item":"http:\/\/alineputot-toupry.com\/"},{"@type":"ListItem","position":2,"name":"CONTACT"}]}]}},"jetpack_sharing_enabled":true,"jetpack_shortlink":"https:\/\/wp.me\/P9ygzD-r","_links":{"self":[{"href":"http:\/\/alineputot-toupry.com\/en\/wp-json\/wp\/v2\/pages\/27"}],"collection":[{"href":"http:\/\/alineputot-toupry.com\/en\/wp-json\/wp\/v2\/pages"}],"about":[{"href":"http:\/\/alineputot-toupry.com\/en\/wp-json\/wp\/v2\/types\/page"}],"author":[{"embeddable":true,"href":"http:\/\/alineputot-toupry.com\/en\/wp-json\/wp\/v2\/users\/1"}],"replies":[{"embeddable":true,"href":"http:\/\/alineputot-toupry.com\/en\/wp-json\/wp\/v2\/comments?post=27"}],"version-history":[{"count":11,"href":"http:\/\/alineputot-toupry.com\/en\/wp-json\/wp\/v2\/pages\/27\/revisions"}],"predecessor-version":[{"id":925,"href":"http:\/\/alineputot-toupry.com\/en\/wp-json\/wp\/v2\/pages\/27\/revisions\/925"}],"wp:attachment":[{"href":"http:\/\/alineputot-toupry.com\/en\/wp-json\/wp\/v2\/media?parent=27"}],"curies":[{"name":"wp","href":"https:\/\/api.w.org\/{rel}","templated":true}]}}